{"id":45,"date":"2021-03-08T09:58:58","date_gmt":"2021-03-08T09:58:58","guid":{"rendered":"https:\/\/www.tukkiniemi.fi\/saarantestisivu\/?page_id=9"},"modified":"2023-03-27T16:09:18","modified_gmt":"2023-03-27T13:09:18","slug":"etusivu","status":"publish","type":"page","link":"https:\/\/www.pikkumozart.fi\/","title":{"rendered":"Etusivu"},"content":{"rendered":"<p>[et_pb_section fb_built=&#8221;1&#8243; fullwidth=&#8221;on&#8221; _builder_version=&#8221;4.16&#8243; _module_preset=&#8221;default&#8221; background_color=&#8221;#AFDCEA&#8221; background_enable_image=&#8221;off&#8221; background_last_edited=&#8221;on|desktop&#8221; global_colors_info=&#8221;{}&#8221;][et_pb_fullwidth_header text_orientation=&#8221;center&#8221; header_fullscreen=&#8221;on&#8221; header_scroll_down=&#8221;on&#8221; scroll_down_icon=&#8221;%%8%%&#8221; scroll_down_icon_size_tablet=&#8221;&#8221; scroll_down_icon_size_phone=&#8221;40px&#8221; scroll_down_icon_size_last_edited=&#8221;on|phone&#8221; _builder_version=&#8221;4.16&#8243; _module_preset=&#8221;default&#8221; title_font_size=&#8221;70px&#8221; title_line_height=&#8221;1.4em&#8221; content_font=&#8221;|700|||||||&#8221; content_font_size=&#8221;20px&#8221; content_line_height=&#8221;2em&#8221; background_enable_color=&#8221;off&#8221; background_image=&#8221;http:\/\/pikkumozart.fi\/wp-content\/uploads\/2021\/12\/pikku_mozart_header.jpg&#8221; parallax=&#8221;on&#8221; title_font_size_tablet=&#8221;&#8221; title_font_size_phone=&#8221;35px&#8221; title_font_size_last_edited=&#8221;on|phone&#8221; content_font_size_tablet=&#8221;&#8221; content_font_size_phone=&#8221;18px&#8221; content_font_size_last_edited=&#8221;on|phone&#8221; subhead_font_size_tablet=&#8221;&#8221; subhead_font_size_phone=&#8221;17px&#8221; subhead_font_size_last_edited=&#8221;on|phone&#8221; background_last_edited=&#8221;on|phone&#8221; background_image_phone=&#8221;https:\/\/www.pikkumozart.fi\/wp-content\/uploads\/2022\/01\/pikku_mozart_header_mobiili.jpg&#8221; background_enable_image_phone=&#8221;on&#8221; parallax_phone=&#8221;off&#8221; background_position_phone=&#8221;top_left&#8221; title_text_shadow_style=&#8221;preset3&#8243; title_text_shadow_blur_strength=&#8221;0.06em&#8221; title_text_shadow_color=&#8221;rgba(0,0,0,0.9)&#8221; content_text_shadow_style=&#8221;preset3&#8243; content_text_shadow_blur_strength=&#8221;0.21em&#8221; content_text_shadow_color=&#8221;rgba(0,0,0,0.9)&#8221; global_colors_info=&#8221;{}&#8221;]<\/p>\n<h1>Pianokoulu<br \/>Pikku-Mozart<\/h1>\n<p>Pianonsoiton opetusta &amp; musiikkileikkikouluja<\/p>\n<p>[\/et_pb_fullwidth_header][\/et_pb_section][et_pb_section fb_built=&#8221;1&#8243; disabled_on=&#8221;on|on|off&#8221; _builder_version=&#8221;4.16&#8243; _module_preset=&#8221;default&#8221; global_colors_info=&#8221;{}&#8221;][et_pb_row column_structure=&#8221;1_2,1_2&#8243; make_equal=&#8221;on&#8221; _builder_version=&#8221;4.16&#8243; _module_preset=&#8221;default&#8221; global_colors_info=&#8221;{}&#8221;][et_pb_column type=&#8221;1_2&#8243; _builder_version=&#8221;4.16&#8243; _module_preset=&#8221;default&#8221; global_colors_info=&#8221;{}&#8221;][et_pb_image src=&#8221;http:\/\/pikkumozart.fi\/wp-content\/uploads\/2021\/12\/pikku_mozart_esittely.jpg&#8221; title_text=&#8221;pikku_mozart_esittely&#8221; _builder_version=&#8221;4.16&#8243; _module_preset=&#8221;default&#8221; width=&#8221;75%&#8221; width_tablet=&#8221;100%&#8221; width_phone=&#8221;100%&#8221; width_last_edited=&#8221;on|phone&#8221; module_alignment=&#8221;center&#8221; global_colors_info=&#8221;{}&#8221;][\/et_pb_image][\/et_pb_column][et_pb_column type=&#8221;1_2&#8243; _builder_version=&#8221;4.16&#8243; _module_preset=&#8221;default&#8221; animation_style=&#8221;fade&#8221; custom_css_main_element=&#8221;align-self: center;&#8221; global_colors_info=&#8221;{}&#8221;][et_pb_text _builder_version=&#8221;4.19.4&#8243; _module_preset=&#8221;default&#8221; text_font=&#8221;|300|||||||&#8221; text_font_size=&#8221;19px&#8221; text_line_height=&#8221;1.9em&#8221; header_2_text_color=&#8221;#212121&#8243; header_2_font_size=&#8221;45px&#8221; text_orientation=&#8221;center&#8221; hover_enabled=&#8221;0&#8243; global_colors_info=&#8221;{}&#8221; sticky_enabled=&#8221;0&#8243;]<\/p>\n<h2>Tervetuloa!<\/h2>\n<p>Pianokoulu Pikku-Mozart on yksityinen musiikkikoulu, joka tarjoaa Porin alueella pianonsoiton yksityisopetusta kaikenik\u00e4isille oppilaille (alkaen 4-v.) sek\u00e4 lis\u00e4ksi musiikkileikkikouluja. Pianotunnit on mahdollista j\u00e4rjest\u00e4\u00e4 viikoittain my\u00f6s oppilaan kotona.<\/p>\n<p>[\/et_pb_text][\/et_pb_column][\/et_pb_row][\/et_pb_section][et_pb_section fb_built=&#8221;1&#8243; disabled_on=&#8221;off|off|on&#8221; _builder_version=&#8221;4.16&#8243; _module_preset=&#8221;default&#8221; custom_padding=&#8221;36px||36px|||&#8221; global_colors_info=&#8221;{}&#8221;][et_pb_row column_structure=&#8221;1_2,1_2&#8243; make_equal=&#8221;on&#8221; _builder_version=&#8221;4.16&#8243; _module_preset=&#8221;default&#8221; global_colors_info=&#8221;{}&#8221;][et_pb_column type=&#8221;1_2&#8243; _builder_version=&#8221;4.16&#8243; _module_preset=&#8221;default&#8221; animation_style=&#8221;fade&#8221; custom_css_main_element=&#8221;align-self: center;&#8221; global_colors_info=&#8221;{}&#8221;][et_pb_text _builder_version=&#8221;4.19.4&#8243; _module_preset=&#8221;default&#8221; text_font=&#8221;|300|||||||&#8221; text_font_size=&#8221;16px&#8221; text_line_height=&#8221;1.9em&#8221; header_2_text_color=&#8221;#212121&#8243; header_2_font_size=&#8221;45px&#8221; text_orientation=&#8221;center&#8221; hover_enabled=&#8221;0&#8243; text_font_tablet=&#8221;&#8221; text_font_phone=&#8221;&#8221; text_font_last_edited=&#8221;on|phone&#8221; text_text_color_tablet=&#8221;&#8221; text_text_color_phone=&#8221;&#8221; text_text_color_last_edited=&#8221;on|desktop&#8221; text_font_size_tablet=&#8221;&#8221; text_font_size_phone=&#8221;17px&#8221; text_font_size_last_edited=&#8221;on|phone&#8221; header_2_font_size_tablet=&#8221;&#8221; header_2_font_size_phone=&#8221;40px&#8221; header_2_font_size_last_edited=&#8221;on|phone&#8221; text_orientation_tablet=&#8221;&#8221; text_orientation_phone=&#8221;center&#8221; text_orientation_last_edited=&#8221;on|phone&#8221; global_colors_info=&#8221;{}&#8221; sticky_enabled=&#8221;0&#8243;]<\/p>\n<h2>Tervetuloa!<\/h2>\n<p>Pianokoulu Pikku-Mozart on yksityinen musiikkikoulu, joka tarjoaa Porin alueella pianonsoiton yksityisopetusta kaikenik\u00e4isille oppilaille (alkaen 4-v.) sek\u00e4 musiikkileikkikouluja. Pianotunnit on mahdollista j\u00e4rjest\u00e4\u00e4 viikoittain my\u00f6s oppilaan kotona.<\/p>\n<p>[\/et_pb_text][\/et_pb_column][et_pb_column type=&#8221;1_2&#8243; _builder_version=&#8221;4.16&#8243; _module_preset=&#8221;default&#8221; global_colors_info=&#8221;{}&#8221;][et_pb_image src=&#8221;https:\/\/www.pikkumozart.fi\/wp-content\/uploads\/2021\/12\/pikku_mozart_esittely.jpg&#8221; title_text=&#8221;pikku_mozart_esittely&#8221; _builder_version=&#8221;4.16&#8243; _module_preset=&#8221;default&#8221; custom_margin=&#8221;17px|||||&#8221; global_colors_info=&#8221;{}&#8221;][\/et_pb_image][\/et_pb_column][\/et_pb_row][\/et_pb_section][et_pb_section fb_built=&#8221;1&#8243; prev_background_color=&#8221;#ffffff&#8221; next_background_color=&#8221;#FFFFFF&#8221; module_id=&#8221;esittely&#8221; _builder_version=&#8221;4.16&#8243; _module_preset=&#8221;default&#8221; background_color=&#8221;rgba(148,234,247,0.1)&#8221; top_divider_style=&#8221;arrow3&#8243; top_divider_height=&#8221;40px&#8221; top_divider_flip=&#8221;vertical&#8221; top_divider_arrangement=&#8221;above_content&#8221; bottom_divider_style=&#8221;arrow3&#8243; bottom_divider_height=&#8221;40px&#8221; bottom_divider_flip=&#8221;horizontal|vertical&#8221; global_colors_info=&#8221;{}&#8221;][et_pb_row column_structure=&#8221;1_2,1_2&#8243; make_equal=&#8221;on&#8221; _builder_version=&#8221;4.16&#8243; _module_preset=&#8221;default&#8221; custom_margin=&#8221;41px|auto|35px|auto||&#8221; global_colors_info=&#8221;{}&#8221;][et_pb_column type=&#8221;1_2&#8243; _builder_version=&#8221;4.16&#8243; _module_preset=&#8221;default&#8221; animation_style=&#8221;fade&#8221; custom_css_main_element=&#8221;align-self: center;&#8221; global_colors_info=&#8221;{}&#8221;][et_pb_text _builder_version=&#8221;4.16&#8243; _module_preset=&#8221;default&#8221; text_font=&#8221;|300|||||||&#8221; text_font_size=&#8221;15px&#8221; text_line_height=&#8221;1.8em&#8221; header_2_text_color=&#8221;#212121&#8243; header_2_font_size=&#8221;45px&#8221; text_orientation=&#8221;center&#8221; header_2_font_size_tablet=&#8221;&#8221; header_2_font_size_phone=&#8221;40px&#8221; header_2_font_size_last_edited=&#8221;on|phone&#8221; global_colors_info=&#8221;{}&#8221;]<\/p>\n<h2>Esittely<\/h2>\n<p>Olen Saara M\u00e4ntyl\u00e4, Suzuki-pianopedagogi, Orff-pedagogi (luova musiikkikasvatus) ja musiikkileikkikoulun ohjaaja. Olen itse harrastanut musiikkia pienest\u00e4 asti ja opetuskokemusta on kertynyt yli 20 vuotta. Olen opettanut pianonsoittoa p\u00e4\u00e4toimisesti vuodesta 2002. Opettaminen on itselleni hyvin antoisaa ja mielest\u00e4ni on etuoikeus saada ty\u00f6skennell\u00e4 musiikin parissa.<\/p>\n<p>On eritt\u00e4in t\u00e4rke\u00e4\u00e4, ett\u00e4 musiikkiharrastus antaa ihmiselle kokonaisvaltaista positiivista oloa ja sis\u00e4lt\u00f6\u00e4 el\u00e4m\u00e4\u00e4n. Otan jokaisen yksil\u00f6n huomioon opettaessani ja k\u00e4yt\u00e4n monipuolisia opetustapoja. Tavoitteeni on, ett\u00e4 saan v\u00e4litetty\u00e4 oppilaalle taidon, josta on iloa l\u00e4pi el\u00e4m\u00e4n. P\u00e4\u00e4sykokeita ei ole, mutta oppilaalta edellytet\u00e4\u00e4n hyv\u00e4n soittimen omistamista sek\u00e4 sitoutumista opetukseen sek\u00e4 kotiharjoitteluun.<\/p>\n<p>[\/et_pb_text][\/et_pb_column][et_pb_column type=&#8221;1_2&#8243; _builder_version=&#8221;4.16&#8243; _module_preset=&#8221;default&#8221; global_colors_info=&#8221;{}&#8221;][et_pb_image src=&#8221;http:\/\/pikkumozart.fi\/wp-content\/uploads\/2021\/12\/saara.jpg&#8221; title_text=&#8221;Saara Kallio, Pianokoulu Pikku-Mozart&#8221; _builder_version=&#8221;4.16&#8243; _module_preset=&#8221;default&#8221; global_colors_info=&#8221;{}&#8221;][\/et_pb_image][\/et_pb_column][\/et_pb_row][\/et_pb_section][et_pb_section fb_built=&#8221;1&#8243; module_id=&#8221;suzuki&#8221; _builder_version=&#8221;4.16&#8243; _module_preset=&#8221;default&#8221; background_color=&#8221;#FFFFFF&#8221; global_colors_info=&#8221;{}&#8221;][et_pb_row column_structure=&#8221;1_2,1_2&#8243; make_equal=&#8221;on&#8221; _builder_version=&#8221;4.16&#8243; _module_preset=&#8221;default&#8221; custom_margin=&#8221;-10px|auto||auto||&#8221; global_colors_info=&#8221;{}&#8221;][et_pb_column type=&#8221;1_2&#8243; _builder_version=&#8221;4.16&#8243; _module_preset=&#8221;default&#8221; global_colors_info=&#8221;{}&#8221;][et_pb_image src=&#8221;http:\/\/pikkumozart.fi\/wp-content\/uploads\/2021\/12\/suzuki_metodi.jpg&#8221; title_text=&#8221;Pianokoulu Pikku-Mozart, Suzuki Metodi&#8221; _builder_version=&#8221;4.16&#8243; _module_preset=&#8221;default&#8221; global_colors_info=&#8221;{}&#8221;][\/et_pb_image][\/et_pb_column][et_pb_column type=&#8221;1_2&#8243; _builder_version=&#8221;4.16&#8243; _module_preset=&#8221;default&#8221; animation_style=&#8221;fade&#8221; custom_css_main_element=&#8221;align-self: center;&#8221; global_colors_info=&#8221;{}&#8221;][et_pb_text _builder_version=&#8221;4.16&#8243; _module_preset=&#8221;default&#8221; text_font=&#8221;|300|||||||&#8221; text_font_size=&#8221;15px&#8221; text_line_height=&#8221;1.8em&#8221; header_2_text_color=&#8221;#212121&#8243; header_2_font_size=&#8221;45px&#8221; text_orientation=&#8221;center&#8221; header_2_font_size_tablet=&#8221;&#8221; header_2_font_size_phone=&#8221;40px&#8221; header_2_font_size_last_edited=&#8221;on|phone&#8221; global_colors_info=&#8221;{}&#8221;]<\/p>\n<h2>Suzuki-metodi<\/h2>\n<p>Suzuki-metodin kehitti japanilainen viulisti ja viulutehtailijan poika Tri Shinichi Suzuki (1898-1998). Nyky\u00e4\u00e4n metodi on kansainv\u00e4lisesti hyvin arvostettu ja suosittu.<\/p>\n<p>Metodi sai alkunsa siit\u00e4, ett\u00e4 Suzuki alkoi pohtimaan sit\u00e4, kuinka hyvin pienet lapset oppivat puhumaan monimutkaista \u00e4idinkielt\u00e4\u00e4n ja sen murteita kuuntelemalla, j\u00e4ljittelem\u00e4ll\u00e4 ja toistamalla kuulemaansa. T\u00e4m\u00e4n vuoksi h\u00e4n alkoi kehitt\u00e4m\u00e4\u00e4n metodiaan, jota kutsutaan my\u00f6s \u201d\u00e4idinkielimetodiksi\u201d. P\u00e4\u00e4ajatus metodissa on se, ett\u00e4 jokainen ihminen on ymp\u00e4rist\u00f6ns\u00e4 tulos ja musikaalinen lahjakkuus on kehitett\u00e4viss\u00e4, se ei ole synnynn\u00e4ist\u00e4, kuten monesti ajatellaan.<\/p>\n<p>Soittamisen voi aloittaa jo hyvin varhain, alle kouluik\u00e4isen\u00e4. Aluksi nuotteja ei k\u00e4ytet\u00e4 ollenkaan. Kuten \u00e4idinkielen oppimisessakin \u2013 lapsi oppii ensin puhumaan, sitten vasta lukemaan. Opetuksen l\u00e4ht\u00f6kohta on se, ett\u00e4 lapsi oppii alusta saakka kuuntelemaan, soittamaan mahdollisimman kauniilla \u00e4\u00e4nell\u00e4 sek\u00e4 oikealla tekniikalla. My\u00f6hemmin lapselle opetetaan my\u00f6s nuotit. Vanhemmat osallistuvat soittotunneille ja tekev\u00e4t tunneista muistiinpanot, jotta osaavat auttaa lasta kotiharjoittelussa.<\/p>\n<p>Lis\u00e4\u00e4 Suzuki-metodista voi lukea mm. <strong><a href=\"http:\/\/www.suomensuzukiyhdistys.net\/\" target=\"new\" rel=\"noopener\">Suomen Suzukiyhdistyksen<\/a><\/strong> sivuilta sek\u00e4 <strong><a href=\"http:\/\/www.europeansuzuki.org\/\" target=\"new\" rel=\"noopener\">Euroopan Suzukiyhdistyksen<\/a><\/strong> sivuilta.<\/p>\n<p>[\/et_pb_text][\/et_pb_column][\/et_pb_row][\/et_pb_section][et_pb_section fb_built=&#8221;1&#8243; module_id=&#8221;yhteys&#8221; _builder_version=&#8221;4.16&#8243; _module_preset=&#8221;default&#8221; background_image=&#8221;http:\/\/pikkumozart.fi\/wp-content\/uploads\/2021\/12\/pikku_mozart_footer.jpg&#8221; parallax=&#8221;on&#8221; parallax_method=&#8221;off&#8221; custom_padding=&#8221;50px||98px|||&#8221; background_last_edited=&#8221;on|phone&#8221; background_image_tablet=&#8221;https:\/\/www.tukkiniemi.fi\/saarantestisivu\/wp-content\/uploads\/2021\/03\/footer_mobiili2.jpg&#8221; background_image_phone=&#8221;https:\/\/www.tukkiniemi.fi\/saarantestisivu\/wp-content\/uploads\/2021\/03\/footer_mobiili2.jpg&#8221; background_enable_image_tablet=&#8221;on&#8221; background_enable_image_phone=&#8221;on&#8221; background_position_phone=&#8221;bottom_right&#8221; global_colors_info=&#8221;{}&#8221;][et_pb_row _builder_version=&#8221;4.16&#8243; _module_preset=&#8221;default&#8221; global_colors_info=&#8221;{}&#8221;][et_pb_column type=&#8221;4_4&#8243; _builder_version=&#8221;4.16&#8243; _module_preset=&#8221;default&#8221; global_colors_info=&#8221;{}&#8221;][et_pb_text _builder_version=&#8221;4.19.4&#8243; _module_preset=&#8221;default&#8221; text_text_color=&#8221;#FFFFFF&#8221; text_font_size=&#8221;19px&#8221; header_text_align=&#8221;center&#8221; header_2_text_align=&#8221;center&#8221; header_2_text_color=&#8221;#FFFFFF&#8221; header_2_font_size=&#8221;45px&#8221; header_2_line_height=&#8221;2em&#8221; background_enable_color=&#8221;off&#8221; text_orientation=&#8221;center&#8221; width_tablet=&#8221;&#8221; width_phone=&#8221;&#8221; width_last_edited=&#8221;on|tablet&#8221; module_alignment=&#8221;center&#8221; custom_margin=&#8221;||30px|||&#8221; animation_style=&#8221;zoom&#8221; hover_enabled=&#8221;0&#8243; text_font_size_tablet=&#8221;&#8221; text_font_size_phone=&#8221;16px&#8221; text_font_size_last_edited=&#8221;on|phone&#8221; text_text_shadow_style=&#8221;preset3&#8243; text_text_shadow_blur_strength=&#8221;0.25em&#8221; text_text_shadow_color=&#8221;rgba(0,0,0,0.8)&#8221; global_colors_info=&#8221;{}&#8221; sticky_enabled=&#8221;0&#8243;]<\/p>\n<h2>Yhteystiedot<\/h2>\n<p>info@pikkumozart.fi<\/p>\n<p>044 2727 482<\/p>\n<p>Pori<\/p>\n<p>[\/et_pb_text][et_pb_button button_url=&#8221;tel:+358442727482&#8243; button_text=&#8221;Soita&#8221; button_alignment=&#8221;center&#8221; disabled_on=&#8221;off|on|on&#8221; _builder_version=&#8221;4.16&#8243; _module_preset=&#8221;default&#8221; custom_button=&#8221;on&#8221; button_font=&#8221;|700|||||||&#8221; custom_margin=&#8221;||39px|||&#8221; custom_padding=&#8221;10px|20px|10px|20px|true|true&#8221; global_colors_info=&#8221;{}&#8221;][\/et_pb_button][et_pb_contact_form email=&#8221;saaramariekallio@gmail.com&#8221; custom_message=&#8221;Nimi: %%Name%%||et_pb_line_break_holder||Puhelin: %%Phone%%||et_pb_line_break_holder||Email: %%Email%%||et_pb_line_break_holder||Viesti: %%Message%%&#8221; success_message=&#8221;Kiitos viestist\u00e4si!&#8221; _builder_version=&#8221;4.19.4&#8243; _module_preset=&#8221;default&#8221; _unique_id=&#8221;8004b835-0d5e-4543-8cda-99f938ff503a&#8221; form_field_background_color=&#8221;#FFFFFF&#8221; form_field_text_color=&#8221;#212121&#8243; form_field_focus_background_color=&#8221;#f7f7f7&#8243; form_field_custom_margin=&#8221;||10px||false|false&#8221; captcha_font=&#8221;|700|||||||&#8221; captcha_text_color=&#8221;#FFFFFF&#8221; custom_button=&#8221;on&#8221; button_font=&#8221;|700|||||||&#8221; button_use_icon=&#8221;off&#8221; width=&#8221;60%&#8221; width_tablet=&#8221;90%&#8221; width_phone=&#8221;100%&#8221; width_last_edited=&#8221;on|tablet&#8221; module_alignment=&#8221;center&#8221; hover_enabled=&#8221;0&#8243; box_shadow_style=&#8221;preset1&#8243; box_shadow_vertical=&#8221;0px&#8221; box_shadow_style_button=&#8221;preset3&#8243; box_shadow_vertical_button=&#8221;6px&#8221; box_shadow_blur_button=&#8221;11px&#8221; global_colors_info=&#8221;{}&#8221; sticky_enabled=&#8221;0&#8243;][et_pb_contact_field field_id=&#8221;Name&#8221; field_title=&#8221;Nimi&#8221; fullwidth_field=&#8221;on&#8221; _builder_version=&#8221;4.16&#8243; global_colors_info=&#8221;{}&#8221; button_text_size__hover_enabled=&#8221;off&#8221; button_one_text_size__hover_enabled=&#8221;off&#8221; button_two_text_size__hover_enabled=&#8221;off&#8221; button_text_color__hover_enabled=&#8221;off&#8221; button_one_text_color__hover_enabled=&#8221;off&#8221; button_two_text_color__hover_enabled=&#8221;off&#8221; button_border_width__hover_enabled=&#8221;off&#8221; button_one_border_width__hover_enabled=&#8221;off&#8221; button_two_border_width__hover_enabled=&#8221;off&#8221; button_border_color__hover_enabled=&#8221;off&#8221; button_one_border_color__hover_enabled=&#8221;off&#8221; button_two_border_color__hover_enabled=&#8221;off&#8221; button_border_radius__hover_enabled=&#8221;off&#8221; button_one_border_radius__hover_enabled=&#8221;off&#8221; button_two_border_radius__hover_enabled=&#8221;off&#8221; button_letter_spacing__hover_enabled=&#8221;off&#8221; button_one_letter_spacing__hover_enabled=&#8221;off&#8221; button_two_letter_spacing__hover_enabled=&#8221;off&#8221; button_bg_color__hover_enabled=&#8221;off&#8221; button_one_bg_color__hover_enabled=&#8221;off&#8221; button_two_bg_color__hover_enabled=&#8221;off&#8221;][\/et_pb_contact_field][et_pb_contact_field field_id=&#8221;Phone&#8221; field_title=&#8221;Puhelinnumero&#8221; fullwidth_field=&#8221;on&#8221; _builder_version=&#8221;4.16&#8243; _module_preset=&#8221;default&#8221; global_colors_info=&#8221;{}&#8221;][\/et_pb_contact_field][et_pb_contact_field field_id=&#8221;Email&#8221; field_title=&#8221;S\u00e4hk\u00f6postiosoite&#8221; field_type=&#8221;email&#8221; fullwidth_field=&#8221;on&#8221; _builder_version=&#8221;4.16&#8243; global_colors_info=&#8221;{}&#8221; button_text_size__hover_enabled=&#8221;off&#8221; button_one_text_size__hover_enabled=&#8221;off&#8221; button_two_text_size__hover_enabled=&#8221;off&#8221; button_text_color__hover_enabled=&#8221;off&#8221; button_one_text_color__hover_enabled=&#8221;off&#8221; button_two_text_color__hover_enabled=&#8221;off&#8221; button_border_width__hover_enabled=&#8221;off&#8221; button_one_border_width__hover_enabled=&#8221;off&#8221; button_two_border_width__hover_enabled=&#8221;off&#8221; button_border_color__hover_enabled=&#8221;off&#8221; button_one_border_color__hover_enabled=&#8221;off&#8221; button_two_border_color__hover_enabled=&#8221;off&#8221; button_border_radius__hover_enabled=&#8221;off&#8221; button_one_border_radius__hover_enabled=&#8221;off&#8221; button_two_border_radius__hover_enabled=&#8221;off&#8221; button_letter_spacing__hover_enabled=&#8221;off&#8221; button_one_letter_spacing__hover_enabled=&#8221;off&#8221; button_two_letter_spacing__hover_enabled=&#8221;off&#8221; button_bg_color__hover_enabled=&#8221;off&#8221; button_one_bg_color__hover_enabled=&#8221;off&#8221; button_two_bg_color__hover_enabled=&#8221;off&#8221;][\/et_pb_contact_field][et_pb_contact_field field_id=&#8221;Message&#8221; field_title=&#8221;S\u00e4hk\u00f6postiviesti&#8221; field_type=&#8221;text&#8221; fullwidth_field=&#8221;on&#8221; _builder_version=&#8221;4.16&#8243; custom_margin=&#8221;||35px||false|false&#8221; global_colors_info=&#8221;{}&#8221; button_text_size__hover_enabled=&#8221;off&#8221; button_one_text_size__hover_enabled=&#8221;off&#8221; button_two_text_size__hover_enabled=&#8221;off&#8221; button_text_color__hover_enabled=&#8221;off&#8221; button_one_text_color__hover_enabled=&#8221;off&#8221; button_two_text_color__hover_enabled=&#8221;off&#8221; button_border_width__hover_enabled=&#8221;off&#8221; button_one_border_width__hover_enabled=&#8221;off&#8221; button_two_border_width__hover_enabled=&#8221;off&#8221; button_border_color__hover_enabled=&#8221;off&#8221; button_one_border_color__hover_enabled=&#8221;off&#8221; button_two_border_color__hover_enabled=&#8221;off&#8221; button_border_radius__hover_enabled=&#8221;off&#8221; button_one_border_radius__hover_enabled=&#8221;off&#8221; button_two_border_radius__hover_enabled=&#8221;off&#8221; button_letter_spacing__hover_enabled=&#8221;off&#8221; button_one_letter_spacing__hover_enabled=&#8221;off&#8221; button_two_letter_spacing__hover_enabled=&#8221;off&#8221; button_bg_color__hover_enabled=&#8221;off&#8221; button_one_bg_color__hover_enabled=&#8221;off&#8221; button_two_bg_color__hover_enabled=&#8221;off&#8221;][\/et_pb_contact_field][\/et_pb_contact_form][\/et_pb_column][\/et_pb_row][\/et_pb_section]<\/p>\n","protected":false},"excerpt":{"rendered":"<p>PianokouluPikku-Mozart Pianonsoiton opetusta &amp; musiikkileikkikoulujaTervetuloa! Pianokoulu Pikku-Mozart on yksityinen musiikkikoulu, joka tarjoaa Porin alueella pianonsoiton yksityisopetusta kaikenik\u00e4isille oppilaille (alkaen 4-v.) sek\u00e4 lis\u00e4ksi musiikkileikkikouluja. Pianotunnit on mahdollista j\u00e4rjest\u00e4\u00e4 viikoittain my\u00f6s oppilaan kotona.Tervetuloa! Pianokoulu Pikku-Mozart on yksityinen musiikkikoulu, joka tarjoaa Porin alueella pianonsoiton yksityisopetusta kaikenik\u00e4isille oppilaille (alkaen 4-v.) sek\u00e4 musiikkileikkikouluja. Pianotunnit on mahdollista j\u00e4rjest\u00e4\u00e4 viikoittain my\u00f6s oppilaan [&hellip;]<\/p>\n","protected":false},"author":2,"featured_media":0,"parent":0,"menu_order":0,"comment_status":"closed","ping_status":"closed","template":"","meta":{"_et_pb_use_builder":"on","_et_pb_old_content":"","_et_gb_content_width":"","footnotes":""},"class_list":["post-45","page","type-page","status-publish","hentry"],"_links":{"self":[{"href":"https:\/\/www.pikkumozart.fi\/index.php?rest_route=\/wp\/v2\/pages\/45","targetHints":{"allow":["GET"]}}],"collection":[{"href":"https:\/\/www.pikkumozart.fi\/index.php?rest_route=\/wp\/v2\/pages"}],"about":[{"href":"https:\/\/www.pikkumozart.fi\/index.php?rest_route=\/wp\/v2\/types\/page"}],"author":[{"embeddable":true,"href":"https:\/\/www.pikkumozart.fi\/index.php?rest_route=\/wp\/v2\/users\/2"}],"replies":[{"embeddable":true,"href":"https:\/\/www.pikkumozart.fi\/index.php?rest_route=%2Fwp%2Fv2%2Fcomments&post=45"}],"version-history":[{"count":21,"href":"https:\/\/www.pikkumozart.fi\/index.php?rest_route=\/wp\/v2\/pages\/45\/revisions"}],"predecessor-version":[{"id":106,"href":"https:\/\/www.pikkumozart.fi\/index.php?rest_route=\/wp\/v2\/pages\/45\/revisions\/106"}],"wp:attachment":[{"href":"https:\/\/www.pikkumozart.fi\/index.php?rest_route=%2Fwp%2Fv2%2Fmedia&parent=45"}],"curies":[{"name":"wp","href":"https:\/\/api.w.org\/{rel}","templated":true}]}}